{"id":3992,"date":"2023-11-29T16:44:27","date_gmt":"2023-11-29T15:44:27","guid":{"rendered":"https:\/\/biocylab.com\/?post_type=product&#038;p=3992"},"modified":"2024-01-17T11:19:20","modified_gmt":"2024-01-17T10:19:20","slug":"serum-pour-pointes-fourchues","status":"publish","type":"product","link":"https:\/\/biocylab.com\/en\/product\/serum-pour-pointes-fourchues\/","title":{"rendered":"S\u00e9rum pour pointes fourchues"},"content":{"rendered":"<p>D\u00e9couvrez notre S\u00e9rum pour Pointes Fourchues, une formule sp\u00e9cialement con\u00e7ue pour nourrir et r\u00e9parer les pointes ab\u00eem\u00e9es de vos cheveux. Enrichi en ingr\u00e9dients r\u00e9parateurs et hydratants, ce s\u00e9rum offre une solution cibl\u00e9e pour revitaliser les pointes fourchues, les laissant douces, soyeuses et visiblement plus saines.<\/p>\n<p>Cr\u00e9ez votre propre gamme de produits capillaires avec le laboratoire de cosm\u00e9tiques BIOCYLAB. Profitez de conseils d&#8217;experts, d&#8217;une personnalisation sur mesure et d&#8217;une garantie de qualit\u00e9 exceptionnelle.<\/p>\n<p>Contactez-nous d\u00e8s aujourd&#8217;hui pour donner vie \u00e0 votre vision, en d\u00e9butant par le S\u00e9rum pour Pointes Fourchues.<\/p>\n<p>Votre vision, votre marque, notre expertise.<\/p>","protected":false},"excerpt":{"rendered":"<p>D\u00e9couvrez notre S\u00e9rum pour Pointes Fourchues, une formule sp\u00e9cialement con\u00e7ue pour nourrir et r\u00e9parer les pointes ab\u00eem\u00e9es de vos cheveux. Enrichi en ingr\u00e9dients r\u00e9parateurs et hydratants, ce s\u00e9rum offre une solution cibl\u00e9e pour revitaliser les pointes fourchues, les laissant douces, soyeuses et visiblement plus saines. Cr\u00e9ez votre propre gamme de produits capillaires avec le laboratoire [&hellip;]<\/p>\n","protected":false},"featured_media":4350,"template":"","meta":[],"product_brand":[],"product_cat":[56,33],"product_tag":[],"class_list":{"0":"post-3992","1":"product","2":"type-product","3":"status-publish","4":"has-post-thumbnail","6":"product_cat-serum-cheveux","7":"product_cat-soins-capillaire","9":"first","10":"instock","11":"shipping-taxable","12":"product-type-simple"},"yoast_head":"<!-- This site is optimized with the Yoast SEO Premium plugin v23.5 (Yoast SEO v27.5) - https:\/\/yoast.com\/product\/yoast-seo-premium-wordpress\/ -->\n<title>S\u00e9rum pour pointes fourchues | BIOCYLAB - Laboratoire cosm\u00e9tique au Maroc<\/title>\n<meta name=\"description\" content=\"Revitalisez vos pointes ab\u00eem\u00e9es avec notre s\u00e9rum sp\u00e9cialement con\u00e7u pour les pointes fourchues. Formul\u00e9 pour nourrir en profondeur, ce s\u00e9rum aide \u00e0 sceller les pointes, r\u00e9duisant ainsi les signes de dommages et favorisant des cheveux doux et soyeux. Adoptez notre s\u00e9rum pour des pointes r\u00e9par\u00e9es, saines et pr\u00eates \u00e0 briller.\" \/>\n<meta name=\"robots\" content=\"index, follow, max-snippet:-1, max-image-preview:large, max-video-preview:-1\" \/>\n<link rel=\"canonical\" href=\"https:\/\/biocylab.com\/en\/product\/serum-pour-pointes-fourchues\/\" \/>\n<meta property=\"og:locale\" content=\"en_US\" \/>\n<meta property=\"og:type\" content=\"article\" \/>\n<meta property=\"og:title\" content=\"S\u00e9rum pour pointes fourchues\" \/>\n<meta property=\"og:description\" content=\"Revitalisez vos pointes ab\u00eem\u00e9es avec notre s\u00e9rum sp\u00e9cialement con\u00e7u pour les pointes fourchues. Formul\u00e9 pour nourrir en profondeur, ce s\u00e9rum aide \u00e0 sceller les pointes, r\u00e9duisant ainsi les signes de dommages et favorisant des cheveux doux et soyeux. Adoptez notre s\u00e9rum pour des pointes r\u00e9par\u00e9es, saines et pr\u00eates \u00e0 briller.\" \/>\n<meta property=\"og:url\" content=\"https:\/\/biocylab.com\/en\/product\/serum-pour-pointes-fourchues\/\" \/>\n<meta property=\"og:site_name\" content=\"BIOCYLAB - Laboratoire cosm\u00e9tique au Maroc\" \/>\n<meta property=\"article:publisher\" content=\"https:\/\/www.facebook.com\/p\/Biocylab-Laboratoires-100089001582630\/\" \/>\n<meta property=\"article:modified_time\" content=\"2024-01-17T10:19:20+00:00\" \/>\n<meta property=\"og:image\" content=\"https:\/\/biocylab.com\/wp-content\/uploads\/2023\/11\/GAMME-VISAGE-11.webp\" \/>\n\t<meta property=\"og:image:width\" content=\"1080\" \/>\n\t<meta property=\"og:image:height\" content=\"1080\" \/>\n\t<meta property=\"og:image:type\" content=\"image\/webp\" \/>\n<meta name=\"twitter:card\" content=\"summary_large_image\" \/>\n<meta name=\"twitter:label1\" content=\"Est. reading time\" \/>\n\t<meta name=\"twitter:data1\" content=\"1 minute\" \/>\n<script type=\"application\/ld+json\" class=\"yoast-schema-graph\">{\"@context\":\"https:\\\/\\\/schema.org\",\"@graph\":[{\"@type\":\"WebPage\",\"@id\":\"https:\\\/\\\/biocylab.com\\\/produit\\\/serum-pour-pointes-fourchues\\\/\",\"url\":\"https:\\\/\\\/biocylab.com\\\/produit\\\/serum-pour-pointes-fourchues\\\/\",\"name\":\"S\u00e9rum pour pointes fourchues | BIOCYLAB - Laboratoire cosm\u00e9tique au Maroc\",\"isPartOf\":{\"@id\":\"https:\\\/\\\/biocylab.com\\\/#website\"},\"primaryImageOfPage\":{\"@id\":\"https:\\\/\\\/biocylab.com\\\/produit\\\/serum-pour-pointes-fourchues\\\/#primaryimage\"},\"image\":{\"@id\":\"https:\\\/\\\/biocylab.com\\\/produit\\\/serum-pour-pointes-fourchues\\\/#primaryimage\"},\"thumbnailUrl\":\"https:\\\/\\\/biocylab.com\\\/wp-content\\\/uploads\\\/2023\\\/11\\\/GAMME-VISAGE-11.webp\",\"datePublished\":\"2023-11-29T15:44:27+00:00\",\"dateModified\":\"2024-01-17T10:19:20+00:00\",\"description\":\"Revitalisez vos pointes ab\u00eem\u00e9es avec notre s\u00e9rum sp\u00e9cialement con\u00e7u pour les pointes fourchues. Formul\u00e9 pour nourrir en profondeur, ce s\u00e9rum aide \u00e0 sceller les pointes, r\u00e9duisant ainsi les signes de dommages et favorisant des cheveux doux et soyeux. Adoptez notre s\u00e9rum pour des pointes r\u00e9par\u00e9es, saines et pr\u00eates \u00e0 briller.\",\"breadcrumb\":{\"@id\":\"https:\\\/\\\/biocylab.com\\\/produit\\\/serum-pour-pointes-fourchues\\\/#breadcrumb\"},\"inLanguage\":\"en-US\",\"potentialAction\":[{\"@type\":\"ReadAction\",\"target\":[\"https:\\\/\\\/biocylab.com\\\/produit\\\/serum-pour-pointes-fourchues\\\/\"]}]},{\"@type\":\"ImageObject\",\"inLanguage\":\"en-US\",\"@id\":\"https:\\\/\\\/biocylab.com\\\/produit\\\/serum-pour-pointes-fourchues\\\/#primaryimage\",\"url\":\"https:\\\/\\\/biocylab.com\\\/wp-content\\\/uploads\\\/2023\\\/11\\\/GAMME-VISAGE-11.webp\",\"contentUrl\":\"https:\\\/\\\/biocylab.com\\\/wp-content\\\/uploads\\\/2023\\\/11\\\/GAMME-VISAGE-11.webp\",\"width\":1080,\"height\":1080,\"caption\":\"Cr\u00e9ez votre marque en Huile BIO\"},{\"@type\":\"BreadcrumbList\",\"@id\":\"https:\\\/\\\/biocylab.com\\\/produit\\\/serum-pour-pointes-fourchues\\\/#breadcrumb\",\"itemListElement\":[{\"@type\":\"ListItem\",\"position\":1,\"name\":\"Home\",\"item\":\"https:\\\/\\\/biocylab.com\\\/\"},{\"@type\":\"ListItem\",\"position\":2,\"name\":\"Produits\",\"item\":\"https:\\\/\\\/biocylab.com\\\/boutique\\\/\"},{\"@type\":\"ListItem\",\"position\":3,\"name\":\"S\u00e9rum pour pointes fourchues\"}]},{\"@type\":\"WebSite\",\"@id\":\"https:\\\/\\\/biocylab.com\\\/#website\",\"url\":\"https:\\\/\\\/biocylab.com\\\/\",\"name\":\"BIOCYLAB : Laboratoire cosm\u00e9tique au Maroc | Fournisseur et fabricant de produits cosm\u00e9tique au Maroc - Marrakech.\",\"description\":\"BIOCYLAB : Laboratoire cosm\u00e9tique au Maroc | Fournisseur et fabricant de produits cosm\u00e9tique au Maroc - Marrakech.\",\"publisher\":{\"@id\":\"https:\\\/\\\/biocylab.com\\\/#organization\"},\"alternateName\":\"BIOCYLAB : Laboratoire cosm\u00e9tique au Maroc | Fournisseur et fabricant de produits cosm\u00e9tique au Maroc - Marrakech.\",\"potentialAction\":[{\"@type\":\"SearchAction\",\"target\":{\"@type\":\"EntryPoint\",\"urlTemplate\":\"https:\\\/\\\/biocylab.com\\\/?s={search_term_string}\"},\"query-input\":{\"@type\":\"PropertyValueSpecification\",\"valueRequired\":true,\"valueName\":\"search_term_string\"}}],\"inLanguage\":\"en-US\"},{\"@type\":\"Organization\",\"@id\":\"https:\\\/\\\/biocylab.com\\\/#organization\",\"name\":\"BIOCYLAB : Laboratoire cosm\u00e9tique au Maroc | Fournisseur et fabricant de produits cosm\u00e9tique \u00e0 Marrakech.\",\"alternateName\":\"BIOCYLAB : Laboratoire cosm\u00e9tique au Maroc | Fournisseur et fabricant de produits cosm\u00e9tique au Maroc - France\",\"url\":\"https:\\\/\\\/biocylab.com\\\/\",\"logo\":{\"@type\":\"ImageObject\",\"inLanguage\":\"en-US\",\"@id\":\"https:\\\/\\\/biocylab.com\\\/#\\\/schema\\\/logo\\\/image\\\/\",\"url\":\"https:\\\/\\\/biocylab.com\\\/wp-content\\\/uploads\\\/2022\\\/12\\\/LOGO-BIOC-scaled.webp\",\"contentUrl\":\"https:\\\/\\\/biocylab.com\\\/wp-content\\\/uploads\\\/2022\\\/12\\\/LOGO-BIOC-scaled.webp\",\"width\":2560,\"height\":2560,\"caption\":\"BIOCYLAB : Laboratoire cosm\u00e9tique au Maroc | Fournisseur et fabricant de produits cosm\u00e9tique \u00e0 Marrakech.\"},\"image\":{\"@id\":\"https:\\\/\\\/biocylab.com\\\/#\\\/schema\\\/logo\\\/image\\\/\"},\"sameAs\":[\"https:\\\/\\\/www.facebook.com\\\/p\\\/Biocylab-Laboratoires-100089001582630\\\/\",\"https:\\\/\\\/www.instagram.com\\\/laboratoires_cosmetique\\\/\",\"https:\\\/\\\/www.kerix.net\\\/fr\\\/annuaire-entreprise\\\/biocylab\",\"https:\\\/\\\/fr.trustpilot.com\\\/review\\\/biocylab.com\",\"https:\\\/\\\/ma.kompass.com\\\/c\\\/biocylab\\\/ma9043093\\\/\",\"https:\\\/\\\/www.goafricaonline.com\\\/ma\\\/832525-biocylab-industrie-cosmetique-casablanca-maroc\\\/feeds\",\"https:\\\/\\\/www.pinterest.com\\\/BIOCYLAB_Laboratoires\\\/_created\\\/\",\"https:\\\/\\\/www.youtube.com\\\/@biocylablaboratoires\\\/featured\",\"https:\\\/\\\/www.linkedin.com\\\/company\\\/biocylab-laboratoires\\\/?viewAsMember=true\"],\"description\":\"Laboratoire cosm\u00e9tique au Maroc, sp\u00e9cialis\u00e9 dans la fabrication et la formulation de produits cosm\u00e9tiques sur mesure au Maroc - France\",\"email\":\"contact@biocylab.com\",\"telephone\":\"0660897229\",\"legalName\":\"BIOCYLAB\",\"numberOfEmployees\":{\"@type\":\"QuantitativeValue\",\"minValue\":\"11\",\"maxValue\":\"50\"},\"publishingPrinciples\":\"https:\\\/\\\/biocylab.com\\\/biocylab-laboratoire-cosmetique-au-maroc-faq\\\/\",\"ownershipFundingInfo\":\"https:\\\/\\\/biocylab.com\\\/entreprise-biocylab-laboratoire-cosmetique-au-maroc-france-afrique\\\/\",\"diversityStaffingReport\":\"https:\\\/\\\/biocylab.com\\\/entreprise-biocylab-laboratoire-cosmetique-au-maroc-france-afrique\\\/\"}]}<\/script>\n<!-- \/ Yoast SEO Premium plugin. -->","yoast_head_json":{"title":"S\u00e9rum pour pointes fourchues | BIOCYLAB - Laboratoire cosm\u00e9tique au Maroc","description":"Revitalisez vos pointes ab\u00eem\u00e9es avec notre s\u00e9rum sp\u00e9cialement con\u00e7u pour les pointes fourchues. Formul\u00e9 pour nourrir en profondeur, ce s\u00e9rum aide \u00e0 sceller les pointes, r\u00e9duisant ainsi les signes de dommages et favorisant des cheveux doux et soyeux. Adoptez notre s\u00e9rum pour des pointes r\u00e9par\u00e9es, saines et pr\u00eates \u00e0 briller.","robots":{"index":"index","follow":"follow","max-snippet":"max-snippet:-1","max-image-preview":"max-image-preview:large","max-video-preview":"max-video-preview:-1"},"canonical":"https:\/\/biocylab.com\/en\/product\/serum-pour-pointes-fourchues\/","og_locale":"en_US","og_type":"article","og_title":"S\u00e9rum pour pointes fourchues","og_description":"Revitalisez vos pointes ab\u00eem\u00e9es avec notre s\u00e9rum sp\u00e9cialement con\u00e7u pour les pointes fourchues. Formul\u00e9 pour nourrir en profondeur, ce s\u00e9rum aide \u00e0 sceller les pointes, r\u00e9duisant ainsi les signes de dommages et favorisant des cheveux doux et soyeux. Adoptez notre s\u00e9rum pour des pointes r\u00e9par\u00e9es, saines et pr\u00eates \u00e0 briller.","og_url":"https:\/\/biocylab.com\/en\/product\/serum-pour-pointes-fourchues\/","og_site_name":"BIOCYLAB - Laboratoire cosm\u00e9tique au Maroc","article_publisher":"https:\/\/www.facebook.com\/p\/Biocylab-Laboratoires-100089001582630\/","article_modified_time":"2024-01-17T10:19:20+00:00","og_image":[{"width":1080,"height":1080,"url":"https:\/\/biocylab.com\/wp-content\/uploads\/2023\/11\/GAMME-VISAGE-11.webp","type":"image\/webp"}],"twitter_card":"summary_large_image","twitter_misc":{"Est. reading time":"1 minute"},"schema":{"@context":"https:\/\/schema.org","@graph":[{"@type":"WebPage","@id":"https:\/\/biocylab.com\/produit\/serum-pour-pointes-fourchues\/","url":"https:\/\/biocylab.com\/produit\/serum-pour-pointes-fourchues\/","name":"S\u00e9rum pour pointes fourchues | BIOCYLAB - Laboratoire cosm\u00e9tique au Maroc","isPartOf":{"@id":"https:\/\/biocylab.com\/#website"},"primaryImageOfPage":{"@id":"https:\/\/biocylab.com\/produit\/serum-pour-pointes-fourchues\/#primaryimage"},"image":{"@id":"https:\/\/biocylab.com\/produit\/serum-pour-pointes-fourchues\/#primaryimage"},"thumbnailUrl":"https:\/\/biocylab.com\/wp-content\/uploads\/2023\/11\/GAMME-VISAGE-11.webp","datePublished":"2023-11-29T15:44:27+00:00","dateModified":"2024-01-17T10:19:20+00:00","description":"Revitalisez vos pointes ab\u00eem\u00e9es avec notre s\u00e9rum sp\u00e9cialement con\u00e7u pour les pointes fourchues. Formul\u00e9 pour nourrir en profondeur, ce s\u00e9rum aide \u00e0 sceller les pointes, r\u00e9duisant ainsi les signes de dommages et favorisant des cheveux doux et soyeux. Adoptez notre s\u00e9rum pour des pointes r\u00e9par\u00e9es, saines et pr\u00eates \u00e0 briller.","breadcrumb":{"@id":"https:\/\/biocylab.com\/produit\/serum-pour-pointes-fourchues\/#breadcrumb"},"inLanguage":"en-US","potentialAction":[{"@type":"ReadAction","target":["https:\/\/biocylab.com\/produit\/serum-pour-pointes-fourchues\/"]}]},{"@type":"ImageObject","inLanguage":"en-US","@id":"https:\/\/biocylab.com\/produit\/serum-pour-pointes-fourchues\/#primaryimage","url":"https:\/\/biocylab.com\/wp-content\/uploads\/2023\/11\/GAMME-VISAGE-11.webp","contentUrl":"https:\/\/biocylab.com\/wp-content\/uploads\/2023\/11\/GAMME-VISAGE-11.webp","width":1080,"height":1080,"caption":"Cr\u00e9ez votre marque en Huile BIO"},{"@type":"BreadcrumbList","@id":"https:\/\/biocylab.com\/produit\/serum-pour-pointes-fourchues\/#breadcrumb","itemListElement":[{"@type":"ListItem","position":1,"name":"Home","item":"https:\/\/biocylab.com\/"},{"@type":"ListItem","position":2,"name":"Produits","item":"https:\/\/biocylab.com\/boutique\/"},{"@type":"ListItem","position":3,"name":"S\u00e9rum pour pointes fourchues"}]},{"@type":"WebSite","@id":"https:\/\/biocylab.com\/#website","url":"https:\/\/biocylab.com\/","name":"BIOCYLAB : Laboratoire cosm\u00e9tique au Maroc | Fournisseur et fabricant de produits cosm\u00e9tique au Maroc - Marrakech.","description":"BIOCYLAB : Laboratoire cosm\u00e9tique au Maroc | Fournisseur et fabricant de produits cosm\u00e9tique au Maroc - Marrakech.","publisher":{"@id":"https:\/\/biocylab.com\/#organization"},"alternateName":"BIOCYLAB : Laboratoire cosm\u00e9tique au Maroc | Fournisseur et fabricant de produits cosm\u00e9tique au Maroc - Marrakech.","potentialAction":[{"@type":"SearchAction","target":{"@type":"EntryPoint","urlTemplate":"https:\/\/biocylab.com\/?s={search_term_string}"},"query-input":{"@type":"PropertyValueSpecification","valueRequired":true,"valueName":"search_term_string"}}],"inLanguage":"en-US"},{"@type":"Organization","@id":"https:\/\/biocylab.com\/#organization","name":"BIOCYLAB : Laboratoire cosm\u00e9tique au Maroc | Fournisseur et fabricant de produits cosm\u00e9tique \u00e0 Marrakech.","alternateName":"BIOCYLAB : Laboratoire cosm\u00e9tique au Maroc | Fournisseur et fabricant de produits cosm\u00e9tique au Maroc - France","url":"https:\/\/biocylab.com\/","logo":{"@type":"ImageObject","inLanguage":"en-US","@id":"https:\/\/biocylab.com\/#\/schema\/logo\/image\/","url":"https:\/\/biocylab.com\/wp-content\/uploads\/2022\/12\/LOGO-BIOC-scaled.webp","contentUrl":"https:\/\/biocylab.com\/wp-content\/uploads\/2022\/12\/LOGO-BIOC-scaled.webp","width":2560,"height":2560,"caption":"BIOCYLAB : Laboratoire cosm\u00e9tique au Maroc | Fournisseur et fabricant de produits cosm\u00e9tique \u00e0 Marrakech."},"image":{"@id":"https:\/\/biocylab.com\/#\/schema\/logo\/image\/"},"sameAs":["https:\/\/www.facebook.com\/p\/Biocylab-Laboratoires-100089001582630\/","https:\/\/www.instagram.com\/laboratoires_cosmetique\/","https:\/\/www.kerix.net\/fr\/annuaire-entreprise\/biocylab","https:\/\/fr.trustpilot.com\/review\/biocylab.com","https:\/\/ma.kompass.com\/c\/biocylab\/ma9043093\/","https:\/\/www.goafricaonline.com\/ma\/832525-biocylab-industrie-cosmetique-casablanca-maroc\/feeds","https:\/\/www.pinterest.com\/BIOCYLAB_Laboratoires\/_created\/","https:\/\/www.youtube.com\/@biocylablaboratoires\/featured","https:\/\/www.linkedin.com\/company\/biocylab-laboratoires\/?viewAsMember=true"],"description":"Laboratoire cosm\u00e9tique au Maroc, sp\u00e9cialis\u00e9 dans la fabrication et la formulation de produits cosm\u00e9tiques sur mesure au Maroc - France","email":"contact@biocylab.com","telephone":"0660897229","legalName":"BIOCYLAB","numberOfEmployees":{"@type":"QuantitativeValue","minValue":"11","maxValue":"50"},"publishingPrinciples":"https:\/\/biocylab.com\/biocylab-laboratoire-cosmetique-au-maroc-faq\/","ownershipFundingInfo":"https:\/\/biocylab.com\/entreprise-biocylab-laboratoire-cosmetique-au-maroc-france-afrique\/","diversityStaffingReport":"https:\/\/biocylab.com\/entreprise-biocylab-laboratoire-cosmetique-au-maroc-france-afrique\/"}]}},"_links":{"self":[{"href":"https:\/\/biocylab.com\/en\/wp-json\/wp\/v2\/product\/3992","targetHints":{"allow":["GET"]}}],"collection":[{"href":"https:\/\/biocylab.com\/en\/wp-json\/wp\/v2\/product"}],"about":[{"href":"https:\/\/biocylab.com\/en\/wp-json\/wp\/v2\/types\/product"}],"version-history":[{"count":0,"href":"https:\/\/biocylab.com\/en\/wp-json\/wp\/v2\/product\/3992\/revisions"}],"wp:featuredmedia":[{"embeddable":true,"href":"https:\/\/biocylab.com\/en\/wp-json\/wp\/v2\/media\/4350"}],"wp:attachment":[{"href":"https:\/\/biocylab.com\/en\/wp-json\/wp\/v2\/media?parent=3992"}],"wp:term":[{"taxonomy":"product_brand","embeddable":true,"href":"https:\/\/biocylab.com\/en\/wp-json\/wp\/v2\/product_brand?post=3992"},{"taxonomy":"product_cat","embeddable":true,"href":"https:\/\/biocylab.com\/en\/wp-json\/wp\/v2\/product_cat?post=3992"},{"taxonomy":"product_tag","embeddable":true,"href":"https:\/\/biocylab.com\/en\/wp-json\/wp\/v2\/product_tag?post=3992"}],"curies":[{"name":"wp","href":"https:\/\/api.w.org\/{rel}","templated":true}]}}