{"id":3870,"date":"2023-11-28T12:22:20","date_gmt":"2023-11-28T11:22:20","guid":{"rendered":"https:\/\/biocylab.com\/?post_type=product&#038;p=3870"},"modified":"2024-01-18T11:04:11","modified_gmt":"2024-01-18T10:04:11","slug":"lait-corporel-avec-spf","status":"publish","type":"product","link":"https:\/\/biocylab.com\/en\/product\/lait-corporel-avec-spf\/","title":{"rendered":"Lait corporel avec SPF"},"content":{"rendered":"<p>D\u00e9couvrez notre Lait Corporel avec SPF, une formule hydratante enrichie d&#8217;une protection solaire pour prendre soin de votre peau au quotidien. Ce lait corporel offre une hydratation nourrissante tout en aidant \u00e0 pr\u00e9venir les dommages caus\u00e9s par les rayons UV du soleil.<\/p>\n<p>Cr\u00e9ez votre propre marque cosm\u00e9tique avec le laboratoire de cosm\u00e9tiques BIOCYLAB. Profitez de conseils d&#8217;experts, de personnalisation sur mesure et d&#8217;une garantie de qualit\u00e9.<\/p>\n<p>Contactez-nous d\u00e8s aujourd&#8217;hui pour donner vie \u00e0 votre vision, en d\u00e9butant par le Lait Corporel avec SPF.<\/p>\n<p>Votre vision, votre marque, notre expertise.<\/p>","protected":false},"excerpt":{"rendered":"<p>D\u00e9couvrez notre Lait Corporel avec SPF, une formule hydratante enrichie d&#8217;une protection solaire pour prendre soin de votre peau au quotidien. Ce lait corporel offre une hydratation nourrissante tout en aidant \u00e0 pr\u00e9venir les dommages caus\u00e9s par les rayons UV du soleil. Cr\u00e9ez votre propre marque cosm\u00e9tique avec le laboratoire de cosm\u00e9tiques BIOCYLAB. Profitez de [&hellip;]<\/p>\n","protected":false},"featured_media":4387,"template":"","meta":[],"product_brand":[],"product_cat":[47,32],"product_tag":[],"class_list":{"0":"post-3870","1":"product","2":"type-product","3":"status-publish","4":"has-post-thumbnail","6":"product_cat-lait-corporel-corps","7":"product_cat-soins-du-corps","9":"first","10":"instock","11":"shipping-taxable","12":"product-type-simple"},"yoast_head":"<!-- This site is optimized with the Yoast SEO Premium plugin v23.5 (Yoast SEO v27.3) - https:\/\/yoast.com\/product\/yoast-seo-premium-wordpress\/ -->\n<title>Lait corporel avec SPF | BIOCYLAB - Laboratoire cosm\u00e9tique au Maroc<\/title>\n<meta name=\"description\" content=\"Prot\u00e9gez et hydratez votre peau avec notre lait corporel SPF. Une formule l\u00e9g\u00e8re qui offre une hydratation intense tout en prot\u00e9geant contre les rayons UV.\" \/>\n<meta name=\"robots\" content=\"index, follow, max-snippet:-1, max-image-preview:large, max-video-preview:-1\" \/>\n<link rel=\"canonical\" href=\"https:\/\/biocylab.com\/en\/product\/lait-corporel-avec-spf\/\" \/>\n<meta property=\"og:locale\" content=\"en_US\" \/>\n<meta property=\"og:type\" content=\"article\" \/>\n<meta property=\"og:title\" content=\"Lait corporel avec SPF\" \/>\n<meta property=\"og:description\" content=\"Prot\u00e9gez et hydratez votre peau avec notre lait corporel SPF. Une formule l\u00e9g\u00e8re qui offre une hydratation intense tout en prot\u00e9geant contre les rayons UV.\" \/>\n<meta property=\"og:url\" content=\"https:\/\/biocylab.com\/en\/product\/lait-corporel-avec-spf\/\" \/>\n<meta property=\"og:site_name\" content=\"BIOCYLAB - Laboratoire cosm\u00e9tique au Maroc\" \/>\n<meta property=\"article:publisher\" content=\"https:\/\/www.facebook.com\/p\/Biocylab-Laboratoires-100089001582630\/\" \/>\n<meta property=\"article:modified_time\" content=\"2024-01-18T10:04:11+00:00\" \/>\n<meta property=\"og:image\" content=\"https:\/\/biocylab.com\/wp-content\/uploads\/2023\/11\/Creer-votre-marque-cosmetique-avec-Laboratoires-BIOCYLAB.11-1.webp\" \/>\n\t<meta property=\"og:image:width\" content=\"1080\" \/>\n\t<meta property=\"og:image:height\" content=\"1080\" \/>\n\t<meta property=\"og:image:type\" content=\"image\/webp\" \/>\n<meta name=\"twitter:card\" content=\"summary_large_image\" \/>\n<meta name=\"twitter:label1\" content=\"Est. reading time\" \/>\n\t<meta name=\"twitter:data1\" content=\"1 minute\" \/>\n<script type=\"application\/ld+json\" class=\"yoast-schema-graph\">{\"@context\":\"https:\\\/\\\/schema.org\",\"@graph\":[{\"@type\":\"WebPage\",\"@id\":\"https:\\\/\\\/biocylab.com\\\/produit\\\/lait-corporel-avec-spf\\\/\",\"url\":\"https:\\\/\\\/biocylab.com\\\/produit\\\/lait-corporel-avec-spf\\\/\",\"name\":\"Lait corporel avec SPF | BIOCYLAB - Laboratoire cosm\u00e9tique au Maroc\",\"isPartOf\":{\"@id\":\"https:\\\/\\\/biocylab.com\\\/#website\"},\"primaryImageOfPage\":{\"@id\":\"https:\\\/\\\/biocylab.com\\\/produit\\\/lait-corporel-avec-spf\\\/#primaryimage\"},\"image\":{\"@id\":\"https:\\\/\\\/biocylab.com\\\/produit\\\/lait-corporel-avec-spf\\\/#primaryimage\"},\"thumbnailUrl\":\"https:\\\/\\\/biocylab.com\\\/wp-content\\\/uploads\\\/2023\\\/11\\\/Creer-votre-marque-cosmetique-avec-Laboratoires-BIOCYLAB.11-1.webp\",\"datePublished\":\"2023-11-28T11:22:20+00:00\",\"dateModified\":\"2024-01-18T10:04:11+00:00\",\"description\":\"Prot\u00e9gez et hydratez votre peau avec notre lait corporel SPF. Une formule l\u00e9g\u00e8re qui offre une hydratation intense tout en prot\u00e9geant contre les rayons UV.\",\"breadcrumb\":{\"@id\":\"https:\\\/\\\/biocylab.com\\\/produit\\\/lait-corporel-avec-spf\\\/#breadcrumb\"},\"inLanguage\":\"en-US\",\"potentialAction\":[{\"@type\":\"ReadAction\",\"target\":[\"https:\\\/\\\/biocylab.com\\\/produit\\\/lait-corporel-avec-spf\\\/\"]}]},{\"@type\":\"ImageObject\",\"inLanguage\":\"en-US\",\"@id\":\"https:\\\/\\\/biocylab.com\\\/produit\\\/lait-corporel-avec-spf\\\/#primaryimage\",\"url\":\"https:\\\/\\\/biocylab.com\\\/wp-content\\\/uploads\\\/2023\\\/11\\\/Creer-votre-marque-cosmetique-avec-Laboratoires-BIOCYLAB.11-1.webp\",\"contentUrl\":\"https:\\\/\\\/biocylab.com\\\/wp-content\\\/uploads\\\/2023\\\/11\\\/Creer-votre-marque-cosmetique-avec-Laboratoires-BIOCYLAB.11-1.webp\",\"width\":1080,\"height\":1080},{\"@type\":\"BreadcrumbList\",\"@id\":\"https:\\\/\\\/biocylab.com\\\/produit\\\/lait-corporel-avec-spf\\\/#breadcrumb\",\"itemListElement\":[{\"@type\":\"ListItem\",\"position\":1,\"name\":\"Home\",\"item\":\"https:\\\/\\\/biocylab.com\\\/\"},{\"@type\":\"ListItem\",\"position\":2,\"name\":\"Produits\",\"item\":\"https:\\\/\\\/biocylab.com\\\/boutique\\\/\"},{\"@type\":\"ListItem\",\"position\":3,\"name\":\"Lait corporel avec SPF\"}]},{\"@type\":\"WebSite\",\"@id\":\"https:\\\/\\\/biocylab.com\\\/#website\",\"url\":\"https:\\\/\\\/biocylab.com\\\/\",\"name\":\"BIOCYLAB : Laboratoire cosm\u00e9tique au Maroc | Fournisseur et fabricant de produits cosm\u00e9tique au Maroc - Marrakech.\",\"description\":\"BIOCYLAB : Laboratoire cosm\u00e9tique au Maroc | Fournisseur et fabricant de produits cosm\u00e9tique au Maroc - Marrakech.\",\"publisher\":{\"@id\":\"https:\\\/\\\/biocylab.com\\\/#organization\"},\"alternateName\":\"BIOCYLAB : Laboratoire cosm\u00e9tique au Maroc | Fournisseur et fabricant de produits cosm\u00e9tique au Maroc - Marrakech.\",\"potentialAction\":[{\"@type\":\"SearchAction\",\"target\":{\"@type\":\"EntryPoint\",\"urlTemplate\":\"https:\\\/\\\/biocylab.com\\\/?s={search_term_string}\"},\"query-input\":{\"@type\":\"PropertyValueSpecification\",\"valueRequired\":true,\"valueName\":\"search_term_string\"}}],\"inLanguage\":\"en-US\"},{\"@type\":\"Organization\",\"@id\":\"https:\\\/\\\/biocylab.com\\\/#organization\",\"name\":\"BIOCYLAB : Laboratoire cosm\u00e9tique au Maroc | Fournisseur et fabricant de produits cosm\u00e9tique \u00e0 Marrakech.\",\"alternateName\":\"BIOCYLAB : Laboratoire cosm\u00e9tique au Maroc | Fournisseur et fabricant de produits cosm\u00e9tique au Maroc - France\",\"url\":\"https:\\\/\\\/biocylab.com\\\/\",\"logo\":{\"@type\":\"ImageObject\",\"inLanguage\":\"en-US\",\"@id\":\"https:\\\/\\\/biocylab.com\\\/#\\\/schema\\\/logo\\\/image\\\/\",\"url\":\"https:\\\/\\\/biocylab.com\\\/wp-content\\\/uploads\\\/2022\\\/12\\\/LOGO-BIOC-scaled.webp\",\"contentUrl\":\"https:\\\/\\\/biocylab.com\\\/wp-content\\\/uploads\\\/2022\\\/12\\\/LOGO-BIOC-scaled.webp\",\"width\":2560,\"height\":2560,\"caption\":\"BIOCYLAB : Laboratoire cosm\u00e9tique au Maroc | Fournisseur et fabricant de produits cosm\u00e9tique \u00e0 Marrakech.\"},\"image\":{\"@id\":\"https:\\\/\\\/biocylab.com\\\/#\\\/schema\\\/logo\\\/image\\\/\"},\"sameAs\":[\"https:\\\/\\\/www.facebook.com\\\/p\\\/Biocylab-Laboratoires-100089001582630\\\/\",\"https:\\\/\\\/www.instagram.com\\\/laboratoires_cosmetique\\\/\",\"https:\\\/\\\/www.kerix.net\\\/fr\\\/annuaire-entreprise\\\/biocylab\",\"https:\\\/\\\/fr.trustpilot.com\\\/review\\\/biocylab.com\",\"https:\\\/\\\/ma.kompass.com\\\/c\\\/biocylab\\\/ma9043093\\\/\",\"https:\\\/\\\/www.goafricaonline.com\\\/ma\\\/832525-biocylab-industrie-cosmetique-casablanca-maroc\\\/feeds\",\"https:\\\/\\\/www.pinterest.com\\\/BIOCYLAB_Laboratoires\\\/_created\\\/\",\"https:\\\/\\\/www.youtube.com\\\/@biocylablaboratoires\\\/featured\",\"https:\\\/\\\/www.linkedin.com\\\/company\\\/biocylab-laboratoires\\\/?viewAsMember=true\"],\"description\":\"Laboratoire cosm\u00e9tique au Maroc, sp\u00e9cialis\u00e9 dans la fabrication et la formulation de produits cosm\u00e9tiques sur mesure au Maroc - France\",\"email\":\"contact@biocylab.com\",\"telephone\":\"0660897229\",\"legalName\":\"BIOCYLAB\",\"numberOfEmployees\":{\"@type\":\"QuantitativeValue\",\"minValue\":\"11\",\"maxValue\":\"50\"},\"publishingPrinciples\":\"https:\\\/\\\/biocylab.com\\\/biocylab-laboratoire-cosmetique-au-maroc-faq\\\/\",\"ownershipFundingInfo\":\"https:\\\/\\\/biocylab.com\\\/entreprise-biocylab-laboratoire-cosmetique-au-maroc-france-afrique\\\/\",\"diversityStaffingReport\":\"https:\\\/\\\/biocylab.com\\\/entreprise-biocylab-laboratoire-cosmetique-au-maroc-france-afrique\\\/\"}]}<\/script>\n<!-- \/ Yoast SEO Premium plugin. -->","yoast_head_json":{"title":"Lait corporel avec SPF | BIOCYLAB - Laboratoire cosm\u00e9tique au Maroc","description":"Prot\u00e9gez et hydratez votre peau avec notre lait corporel SPF. Une formule l\u00e9g\u00e8re qui offre une hydratation intense tout en prot\u00e9geant contre les rayons UV.","robots":{"index":"index","follow":"follow","max-snippet":"max-snippet:-1","max-image-preview":"max-image-preview:large","max-video-preview":"max-video-preview:-1"},"canonical":"https:\/\/biocylab.com\/en\/product\/lait-corporel-avec-spf\/","og_locale":"en_US","og_type":"article","og_title":"Lait corporel avec SPF","og_description":"Prot\u00e9gez et hydratez votre peau avec notre lait corporel SPF. Une formule l\u00e9g\u00e8re qui offre une hydratation intense tout en prot\u00e9geant contre les rayons UV.","og_url":"https:\/\/biocylab.com\/en\/product\/lait-corporel-avec-spf\/","og_site_name":"BIOCYLAB - Laboratoire cosm\u00e9tique au Maroc","article_publisher":"https:\/\/www.facebook.com\/p\/Biocylab-Laboratoires-100089001582630\/","article_modified_time":"2024-01-18T10:04:11+00:00","og_image":[{"width":1080,"height":1080,"url":"https:\/\/biocylab.com\/wp-content\/uploads\/2023\/11\/Creer-votre-marque-cosmetique-avec-Laboratoires-BIOCYLAB.11-1.webp","type":"image\/webp"}],"twitter_card":"summary_large_image","twitter_misc":{"Est. reading time":"1 minute"},"schema":{"@context":"https:\/\/schema.org","@graph":[{"@type":"WebPage","@id":"https:\/\/biocylab.com\/produit\/lait-corporel-avec-spf\/","url":"https:\/\/biocylab.com\/produit\/lait-corporel-avec-spf\/","name":"Lait corporel avec SPF | BIOCYLAB - Laboratoire cosm\u00e9tique au Maroc","isPartOf":{"@id":"https:\/\/biocylab.com\/#website"},"primaryImageOfPage":{"@id":"https:\/\/biocylab.com\/produit\/lait-corporel-avec-spf\/#primaryimage"},"image":{"@id":"https:\/\/biocylab.com\/produit\/lait-corporel-avec-spf\/#primaryimage"},"thumbnailUrl":"https:\/\/biocylab.com\/wp-content\/uploads\/2023\/11\/Creer-votre-marque-cosmetique-avec-Laboratoires-BIOCYLAB.11-1.webp","datePublished":"2023-11-28T11:22:20+00:00","dateModified":"2024-01-18T10:04:11+00:00","description":"Prot\u00e9gez et hydratez votre peau avec notre lait corporel SPF. Une formule l\u00e9g\u00e8re qui offre une hydratation intense tout en prot\u00e9geant contre les rayons UV.","breadcrumb":{"@id":"https:\/\/biocylab.com\/produit\/lait-corporel-avec-spf\/#breadcrumb"},"inLanguage":"en-US","potentialAction":[{"@type":"ReadAction","target":["https:\/\/biocylab.com\/produit\/lait-corporel-avec-spf\/"]}]},{"@type":"ImageObject","inLanguage":"en-US","@id":"https:\/\/biocylab.com\/produit\/lait-corporel-avec-spf\/#primaryimage","url":"https:\/\/biocylab.com\/wp-content\/uploads\/2023\/11\/Creer-votre-marque-cosmetique-avec-Laboratoires-BIOCYLAB.11-1.webp","contentUrl":"https:\/\/biocylab.com\/wp-content\/uploads\/2023\/11\/Creer-votre-marque-cosmetique-avec-Laboratoires-BIOCYLAB.11-1.webp","width":1080,"height":1080},{"@type":"BreadcrumbList","@id":"https:\/\/biocylab.com\/produit\/lait-corporel-avec-spf\/#breadcrumb","itemListElement":[{"@type":"ListItem","position":1,"name":"Home","item":"https:\/\/biocylab.com\/"},{"@type":"ListItem","position":2,"name":"Produits","item":"https:\/\/biocylab.com\/boutique\/"},{"@type":"ListItem","position":3,"name":"Lait corporel avec SPF"}]},{"@type":"WebSite","@id":"https:\/\/biocylab.com\/#website","url":"https:\/\/biocylab.com\/","name":"BIOCYLAB : Laboratoire cosm\u00e9tique au Maroc | Fournisseur et fabricant de produits cosm\u00e9tique au Maroc - Marrakech.","description":"BIOCYLAB : Laboratoire cosm\u00e9tique au Maroc | Fournisseur et fabricant de produits cosm\u00e9tique au Maroc - Marrakech.","publisher":{"@id":"https:\/\/biocylab.com\/#organization"},"alternateName":"BIOCYLAB : Laboratoire cosm\u00e9tique au Maroc | Fournisseur et fabricant de produits cosm\u00e9tique au Maroc - Marrakech.","potentialAction":[{"@type":"SearchAction","target":{"@type":"EntryPoint","urlTemplate":"https:\/\/biocylab.com\/?s={search_term_string}"},"query-input":{"@type":"PropertyValueSpecification","valueRequired":true,"valueName":"search_term_string"}}],"inLanguage":"en-US"},{"@type":"Organization","@id":"https:\/\/biocylab.com\/#organization","name":"BIOCYLAB : Laboratoire cosm\u00e9tique au Maroc | Fournisseur et fabricant de produits cosm\u00e9tique \u00e0 Marrakech.","alternateName":"BIOCYLAB : Laboratoire cosm\u00e9tique au Maroc | Fournisseur et fabricant de produits cosm\u00e9tique au Maroc - France","url":"https:\/\/biocylab.com\/","logo":{"@type":"ImageObject","inLanguage":"en-US","@id":"https:\/\/biocylab.com\/#\/schema\/logo\/image\/","url":"https:\/\/biocylab.com\/wp-content\/uploads\/2022\/12\/LOGO-BIOC-scaled.webp","contentUrl":"https:\/\/biocylab.com\/wp-content\/uploads\/2022\/12\/LOGO-BIOC-scaled.webp","width":2560,"height":2560,"caption":"BIOCYLAB : Laboratoire cosm\u00e9tique au Maroc | Fournisseur et fabricant de produits cosm\u00e9tique \u00e0 Marrakech."},"image":{"@id":"https:\/\/biocylab.com\/#\/schema\/logo\/image\/"},"sameAs":["https:\/\/www.facebook.com\/p\/Biocylab-Laboratoires-100089001582630\/","https:\/\/www.instagram.com\/laboratoires_cosmetique\/","https:\/\/www.kerix.net\/fr\/annuaire-entreprise\/biocylab","https:\/\/fr.trustpilot.com\/review\/biocylab.com","https:\/\/ma.kompass.com\/c\/biocylab\/ma9043093\/","https:\/\/www.goafricaonline.com\/ma\/832525-biocylab-industrie-cosmetique-casablanca-maroc\/feeds","https:\/\/www.pinterest.com\/BIOCYLAB_Laboratoires\/_created\/","https:\/\/www.youtube.com\/@biocylablaboratoires\/featured","https:\/\/www.linkedin.com\/company\/biocylab-laboratoires\/?viewAsMember=true"],"description":"Laboratoire cosm\u00e9tique au Maroc, sp\u00e9cialis\u00e9 dans la fabrication et la formulation de produits cosm\u00e9tiques sur mesure au Maroc - France","email":"contact@biocylab.com","telephone":"0660897229","legalName":"BIOCYLAB","numberOfEmployees":{"@type":"QuantitativeValue","minValue":"11","maxValue":"50"},"publishingPrinciples":"https:\/\/biocylab.com\/biocylab-laboratoire-cosmetique-au-maroc-faq\/","ownershipFundingInfo":"https:\/\/biocylab.com\/entreprise-biocylab-laboratoire-cosmetique-au-maroc-france-afrique\/","diversityStaffingReport":"https:\/\/biocylab.com\/entreprise-biocylab-laboratoire-cosmetique-au-maroc-france-afrique\/"}]}},"_links":{"self":[{"href":"https:\/\/biocylab.com\/en\/wp-json\/wp\/v2\/product\/3870","targetHints":{"allow":["GET"]}}],"collection":[{"href":"https:\/\/biocylab.com\/en\/wp-json\/wp\/v2\/product"}],"about":[{"href":"https:\/\/biocylab.com\/en\/wp-json\/wp\/v2\/types\/product"}],"version-history":[{"count":0,"href":"https:\/\/biocylab.com\/en\/wp-json\/wp\/v2\/product\/3870\/revisions"}],"wp:featuredmedia":[{"embeddable":true,"href":"https:\/\/biocylab.com\/en\/wp-json\/wp\/v2\/media\/4387"}],"wp:attachment":[{"href":"https:\/\/biocylab.com\/en\/wp-json\/wp\/v2\/media?parent=3870"}],"wp:term":[{"taxonomy":"product_brand","embeddable":true,"href":"https:\/\/biocylab.com\/en\/wp-json\/wp\/v2\/product_brand?post=3870"},{"taxonomy":"product_cat","embeddable":true,"href":"https:\/\/biocylab.com\/en\/wp-json\/wp\/v2\/product_cat?post=3870"},{"taxonomy":"product_tag","embeddable":true,"href":"https:\/\/biocylab.com\/en\/wp-json\/wp\/v2\/product_tag?post=3870"}],"curies":[{"name":"wp","href":"https:\/\/api.w.org\/{rel}","templated":true}]}}